{"id":9463,"date":"2025-02-05T09:43:40","date_gmt":"2025-02-05T08:43:40","guid":{"rendered":"https:\/\/www.sams-industrie.fr\/product\/tole-gauche-reference-decoupeur\/"},"modified":"2025-02-19T11:45:29","modified_gmt":"2025-02-19T10:45:29","slug":"tole-gauche-reference-decoupeur","status":"publish","type":"product","link":"https:\/\/www.sams-industrie.fr\/en\/product\/tole-gauche-reference-decoupeur\/","title":{"rendered":"Left sheet metal<br> Reference 800-423-004 LJ"},"content":{"rendered":"","protected":false},"excerpt":{"rendered":"<p>RAPIDEX RAPIDLINE 22<br \/> R\u00e9f\u00e9rence constructeur : 800-423-004 LJ<br \/> R\u00e9f\u00e9rences \u00e9quivalentes : 800423004LJ \/ M800423004LJ \/ RAP800423004LJ<\/p>","protected":false},"featured_media":0,"comment_status":"open","ping_status":"closed","template":"","meta":[],"_links":{"self":[{"href":"https:\/\/www.sams-industrie.fr\/en\/wp-json\/wp\/v2\/product\/9463"}],"collection":[{"href":"https:\/\/www.sams-industrie.fr\/en\/wp-json\/wp\/v2\/product"}],"about":[{"href":"https:\/\/www.sams-industrie.fr\/en\/wp-json\/wp\/v2\/types\/product"}],"replies":[{"embeddable":true,"href":"https:\/\/www.sams-industrie.fr\/en\/wp-json\/wp\/v2\/comments?post=9463"}],"wp:attachment":[{"href":"https:\/\/www.sams-industrie.fr\/en\/wp-json\/wp\/v2\/media?parent=9463"}],"curies":[{"name":"wp","href":"https:\/\/api.w.org\/{rel}","templated":true}]}}