{"id":9459,"date":"2025-02-05T09:43:35","date_gmt":"2025-02-05T08:43:35","guid":{"rendered":"https:\/\/www.sams-industrie.fr\/product\/embout-monobloc-droit-reference-decoupeur\/"},"modified":"2025-02-19T11:45:26","modified_gmt":"2025-02-19T10:45:26","slug":"embout-monobloc-droit-reference-decoupeur","status":"publish","type":"product","link":"https:\/\/www.sams-industrie.fr\/en\/product\/embout-monobloc-droit-reference-decoupeur\/","title":{"rendered":"Straight monobloc tip<br> Reference 800-405-050 D"},"content":{"rendered":"","protected":false},"excerpt":{"rendered":"<p>RAPIDEX RAPIDLINE 22<br \/> R\u00e9f\u00e9rence constructeur : 800-405-050 D<br \/> R\u00e9f\u00e9rences \u00e9quivalentes : 800405050D \/ M800405050D \/ RAP800405050D<\/p>","protected":false},"featured_media":0,"comment_status":"open","ping_status":"closed","template":"","meta":[],"_links":{"self":[{"href":"https:\/\/www.sams-industrie.fr\/en\/wp-json\/wp\/v2\/product\/9459"}],"collection":[{"href":"https:\/\/www.sams-industrie.fr\/en\/wp-json\/wp\/v2\/product"}],"about":[{"href":"https:\/\/www.sams-industrie.fr\/en\/wp-json\/wp\/v2\/types\/product"}],"replies":[{"embeddable":true,"href":"https:\/\/www.sams-industrie.fr\/en\/wp-json\/wp\/v2\/comments?post=9459"}],"wp:attachment":[{"href":"https:\/\/www.sams-industrie.fr\/en\/wp-json\/wp\/v2\/media?parent=9459"}],"curies":[{"name":"wp","href":"https:\/\/api.w.org\/{rel}","templated":true}]}}