{"id":9458,"date":"2025-02-05T09:43:35","date_gmt":"2025-02-05T08:43:35","guid":{"rendered":"https:\/\/www.sams-industrie.fr\/product\/axe-de-poulie-reference-decoupeur\/"},"modified":"2025-02-19T11:45:26","modified_gmt":"2025-02-19T10:45:26","slug":"axe-de-poulie-reference-decoupeur","status":"publish","type":"product","link":"https:\/\/www.sams-industrie.fr\/en\/product\/axe-de-poulie-reference-decoupeur\/","title":{"rendered":"Pulley axle<br> Reference 800-414-006"},"content":{"rendered":"","protected":false},"excerpt":{"rendered":"<p>RAPIDEX RAPIDLINE 22<br \/> R\u00e9f\u00e9rence constructeur : 800-414-006<br \/> R\u00e9f\u00e9rences \u00e9quivalentes : 800414006 \/ M800414006 \/ RAP800414006<\/p>","protected":false},"featured_media":0,"comment_status":"open","ping_status":"closed","template":"","meta":[],"_links":{"self":[{"href":"https:\/\/www.sams-industrie.fr\/en\/wp-json\/wp\/v2\/product\/9458"}],"collection":[{"href":"https:\/\/www.sams-industrie.fr\/en\/wp-json\/wp\/v2\/product"}],"about":[{"href":"https:\/\/www.sams-industrie.fr\/en\/wp-json\/wp\/v2\/types\/product"}],"replies":[{"embeddable":true,"href":"https:\/\/www.sams-industrie.fr\/en\/wp-json\/wp\/v2\/comments?post=9458"}],"wp:attachment":[{"href":"https:\/\/www.sams-industrie.fr\/en\/wp-json\/wp\/v2\/media?parent=9458"}],"curies":[{"name":"wp","href":"https:\/\/api.w.org\/{rel}","templated":true}]}}