{"id":9456,"date":"2025-02-05T09:43:34","date_gmt":"2025-02-05T08:43:34","guid":{"rendered":"https:\/\/www.sams-industrie.fr\/product\/arbre-entraineur-superieur-reference-decoupeur\/"},"modified":"2025-02-19T11:45:22","modified_gmt":"2025-02-19T10:45:22","slug":"arbre-entraineur-superieur-reference-decoupeur","status":"publish","type":"product","link":"https:\/\/www.sams-industrie.fr\/en\/product\/arbre-entraineur-superieur-reference-decoupeur\/","title":{"rendered":"Upper drive shaft<br> Reference 800-404-001"},"content":{"rendered":"","protected":false},"excerpt":{"rendered":"<p>RAPIDEX RAPIDLINE 22<br \/> R\u00e9f\u00e9rence constructeur : 800-404-001<br \/> R\u00e9f\u00e9rences \u00e9quivalentes : 800404001 \/ M800404001 \/ RAP800404001<\/p>","protected":false},"featured_media":0,"comment_status":"open","ping_status":"closed","template":"","meta":[],"_links":{"self":[{"href":"https:\/\/www.sams-industrie.fr\/en\/wp-json\/wp\/v2\/product\/9456"}],"collection":[{"href":"https:\/\/www.sams-industrie.fr\/en\/wp-json\/wp\/v2\/product"}],"about":[{"href":"https:\/\/www.sams-industrie.fr\/en\/wp-json\/wp\/v2\/types\/product"}],"replies":[{"embeddable":true,"href":"https:\/\/www.sams-industrie.fr\/en\/wp-json\/wp\/v2\/comments?post=9456"}],"wp:attachment":[{"href":"https:\/\/www.sams-industrie.fr\/en\/wp-json\/wp\/v2\/media?parent=9456"}],"curies":[{"name":"wp","href":"https:\/\/api.w.org\/{rel}","templated":true}]}}