{"id":9453,"date":"2025-02-05T09:43:32","date_gmt":"2025-02-05T08:43:32","guid":{"rendered":"https:\/\/www.sams-industrie.fr\/product\/entretoise-epaulee-reference-decoupeur\/"},"modified":"2025-02-19T11:45:20","modified_gmt":"2025-02-19T10:45:20","slug":"entretoise-epaulee-reference-decoupeur","status":"publish","type":"product","link":"https:\/\/www.sams-industrie.fr\/en\/product\/entretoise-epaulee-reference-decoupeur\/","title":{"rendered":"Shouldered spacer<br> Reference 800-406-012"},"content":{"rendered":"","protected":false},"excerpt":{"rendered":"<p>RAPIDEX RAPIDLINE 22<br \/> R\u00e9f\u00e9rence constructeur : 800-406-012<br \/> R\u00e9f\u00e9rences \u00e9quivalentes : 800406012 \/ M800406012 \/ RAP800406012<\/p>","protected":false},"featured_media":0,"comment_status":"open","ping_status":"closed","template":"","meta":[],"_links":{"self":[{"href":"https:\/\/www.sams-industrie.fr\/en\/wp-json\/wp\/v2\/product\/9453"}],"collection":[{"href":"https:\/\/www.sams-industrie.fr\/en\/wp-json\/wp\/v2\/product"}],"about":[{"href":"https:\/\/www.sams-industrie.fr\/en\/wp-json\/wp\/v2\/types\/product"}],"replies":[{"embeddable":true,"href":"https:\/\/www.sams-industrie.fr\/en\/wp-json\/wp\/v2\/comments?post=9453"}],"wp:attachment":[{"href":"https:\/\/www.sams-industrie.fr\/en\/wp-json\/wp\/v2\/media?parent=9453"}],"curies":[{"name":"wp","href":"https:\/\/api.w.org\/{rel}","templated":true}]}}