{"id":9451,"date":"2025-02-05T09:43:31","date_gmt":"2025-02-05T08:43:31","guid":{"rendered":"https:\/\/www.sams-industrie.fr\/product\/arbre-moteur-evacuation-dechets-reference-slotter\/"},"modified":"2025-02-19T11:45:19","modified_gmt":"2025-02-19T10:45:19","slug":"arbre-moteur-evacuation-dechets-reference-slotter","status":"publish","type":"product","link":"https:\/\/www.sams-industrie.fr\/en\/product\/arbre-moteur-evacuation-dechets-reference-slotter\/","title":{"rendered":"Waste evacuation motor shaft<br> Reference 800-323-001 LJ"},"content":{"rendered":"","protected":false},"excerpt":{"rendered":"<p>RAPIDEX RAPIDLINE 22<br \/> R\u00e9f\u00e9rence constructeur : 800-323-001 LJ<br \/> R\u00e9f\u00e9rences \u00e9quivalentes : 800323001LJ \/ M800323001LJ \/ RAP800323001LJ<\/p>","protected":false},"featured_media":0,"comment_status":"open","ping_status":"closed","template":"","meta":[],"_links":{"self":[{"href":"https:\/\/www.sams-industrie.fr\/en\/wp-json\/wp\/v2\/product\/9451"}],"collection":[{"href":"https:\/\/www.sams-industrie.fr\/en\/wp-json\/wp\/v2\/product"}],"about":[{"href":"https:\/\/www.sams-industrie.fr\/en\/wp-json\/wp\/v2\/types\/product"}],"replies":[{"embeddable":true,"href":"https:\/\/www.sams-industrie.fr\/en\/wp-json\/wp\/v2\/comments?post=9451"}],"wp:attachment":[{"href":"https:\/\/www.sams-industrie.fr\/en\/wp-json\/wp\/v2\/media?parent=9451"}],"curies":[{"name":"wp","href":"https:\/\/api.w.org\/{rel}","templated":true}]}}