{"id":9443,"date":"2025-02-05T09:43:27","date_gmt":"2025-02-05T08:43:27","guid":{"rendered":"https:\/\/www.sams-industrie.fr\/product\/lame-reference-slotter-12\/"},"modified":"2025-02-19T11:45:13","modified_gmt":"2025-02-19T10:45:13","slug":"lame-reference-slotter-12","status":"publish","type":"product","link":"https:\/\/www.sams-industrie.fr\/en\/product\/lame-reference-slotter-12\/","title":{"rendered":"Blade<br> Reference 800-305-131 C"},"content":{"rendered":"","protected":false},"excerpt":{"rendered":"<p>RAPIDEX RAPIDLINE 22<br \/> R\u00e9f\u00e9rence constructeur : 800-305-131 C<br \/> R\u00e9f\u00e9rences \u00e9quivalentes : 800305131C \/ M800305131C \/ RAP800305131C<\/p>","protected":false},"featured_media":0,"comment_status":"open","ping_status":"closed","template":"","meta":[],"_links":{"self":[{"href":"https:\/\/www.sams-industrie.fr\/en\/wp-json\/wp\/v2\/product\/9443"}],"collection":[{"href":"https:\/\/www.sams-industrie.fr\/en\/wp-json\/wp\/v2\/product"}],"about":[{"href":"https:\/\/www.sams-industrie.fr\/en\/wp-json\/wp\/v2\/types\/product"}],"replies":[{"embeddable":true,"href":"https:\/\/www.sams-industrie.fr\/en\/wp-json\/wp\/v2\/comments?post=9443"}],"wp:attachment":[{"href":"https:\/\/www.sams-industrie.fr\/en\/wp-json\/wp\/v2\/media?parent=9443"}],"curies":[{"name":"wp","href":"https:\/\/api.w.org\/{rel}","templated":true}]}}