{"id":9439,"date":"2025-02-05T09:43:24","date_gmt":"2025-02-05T08:43:24","guid":{"rendered":"https:\/\/www.sams-industrie.fr\/product\/lame-reference-slotter-8\/"},"modified":"2025-02-19T11:45:10","modified_gmt":"2025-02-19T10:45:10","slug":"lame-reference-slotter-8","status":"publish","type":"product","link":"https:\/\/www.sams-industrie.fr\/en\/product\/lame-reference-slotter-8\/","title":{"rendered":"Blade<br> Reference 800-305-140"},"content":{"rendered":"","protected":false},"excerpt":{"rendered":"<p>RAPIDEX RAPIDLINE 22<br \/> R\u00e9f\u00e9rence constructeur : 800-305-140<br \/> R\u00e9f\u00e9rences \u00e9quivalentes : 800305140 \/ M800305140 \/ RAP800305140<\/p>","protected":false},"featured_media":0,"comment_status":"open","ping_status":"closed","template":"","meta":[],"_links":{"self":[{"href":"https:\/\/www.sams-industrie.fr\/en\/wp-json\/wp\/v2\/product\/9439"}],"collection":[{"href":"https:\/\/www.sams-industrie.fr\/en\/wp-json\/wp\/v2\/product"}],"about":[{"href":"https:\/\/www.sams-industrie.fr\/en\/wp-json\/wp\/v2\/types\/product"}],"replies":[{"embeddable":true,"href":"https:\/\/www.sams-industrie.fr\/en\/wp-json\/wp\/v2\/comments?post=9439"}],"wp:attachment":[{"href":"https:\/\/www.sams-industrie.fr\/en\/wp-json\/wp\/v2\/media?parent=9439"}],"curies":[{"name":"wp","href":"https:\/\/api.w.org\/{rel}","templated":true}]}}