{"id":9433,"date":"2025-02-05T09:43:21","date_gmt":"2025-02-05T08:43:21","guid":{"rendered":"https:\/\/www.sams-industrie.fr\/product\/arbre-de-commande-excentrique-reference-slotter\/"},"modified":"2025-02-19T11:45:06","modified_gmt":"2025-02-19T10:45:06","slug":"arbre-de-commande-excentrique-reference-slotter","status":"publish","type":"product","link":"https:\/\/www.sams-industrie.fr\/en\/product\/arbre-de-commande-excentrique-reference-slotter\/","title":{"rendered":"Eccentric drive shaft<br> Reference 800-312-002"},"content":{"rendered":"","protected":false},"excerpt":{"rendered":"<p>RAPIDEX RAPIDLINE 22<br \/> R\u00e9f\u00e9rence constructeur : 800-312-002<br \/> R\u00e9f\u00e9rences \u00e9quivalentes : 800312002 \/ M800312002 \/ RAP800312002<\/p>","protected":false},"featured_media":0,"comment_status":"open","ping_status":"closed","template":"","meta":[],"_links":{"self":[{"href":"https:\/\/www.sams-industrie.fr\/en\/wp-json\/wp\/v2\/product\/9433"}],"collection":[{"href":"https:\/\/www.sams-industrie.fr\/en\/wp-json\/wp\/v2\/product"}],"about":[{"href":"https:\/\/www.sams-industrie.fr\/en\/wp-json\/wp\/v2\/types\/product"}],"replies":[{"embeddable":true,"href":"https:\/\/www.sams-industrie.fr\/en\/wp-json\/wp\/v2\/comments?post=9433"}],"wp:attachment":[{"href":"https:\/\/www.sams-industrie.fr\/en\/wp-json\/wp\/v2\/media?parent=9433"}],"curies":[{"name":"wp","href":"https:\/\/api.w.org\/{rel}","templated":true}]}}