{"id":9432,"date":"2025-02-05T09:43:20","date_gmt":"2025-02-05T08:43:20","guid":{"rendered":"https:\/\/www.sams-industrie.fr\/product\/secteur-mobile-reference-slotter-2\/"},"modified":"2025-02-19T11:45:05","modified_gmt":"2025-02-19T10:45:05","slug":"secteur-mobile-reference-slotter-2","status":"publish","type":"product","link":"https:\/\/www.sams-industrie.fr\/en\/product\/secteur-mobile-reference-slotter-2\/","title":{"rendered":"Mobile sector<br> Reference BBA-0305-108"},"content":{"rendered":"","protected":false},"excerpt":{"rendered":"<p>RAPIDEX RAPIDLINE 22<br \/> R\u00e9f\u00e9rence constructeur : BBA-0305-108<br \/> R\u00e9f\u00e9rences \u00e9quivalentes : BBA0305108 \/ MBBA0305108 \/ RAPBBA0305108<\/p>","protected":false},"featured_media":0,"comment_status":"open","ping_status":"closed","template":"","meta":[],"_links":{"self":[{"href":"https:\/\/www.sams-industrie.fr\/en\/wp-json\/wp\/v2\/product\/9432"}],"collection":[{"href":"https:\/\/www.sams-industrie.fr\/en\/wp-json\/wp\/v2\/product"}],"about":[{"href":"https:\/\/www.sams-industrie.fr\/en\/wp-json\/wp\/v2\/types\/product"}],"replies":[{"embeddable":true,"href":"https:\/\/www.sams-industrie.fr\/en\/wp-json\/wp\/v2\/comments?post=9432"}],"wp:attachment":[{"href":"https:\/\/www.sams-industrie.fr\/en\/wp-json\/wp\/v2\/media?parent=9432"}],"curies":[{"name":"wp","href":"https:\/\/api.w.org\/{rel}","templated":true}]}}