{"id":9427,"date":"2025-02-05T09:43:15","date_gmt":"2025-02-05T08:43:15","guid":{"rendered":"https:\/\/www.sams-industrie.fr\/product\/guide-encocheur-reference-slotter-2\/"},"modified":"2025-02-19T11:45:01","modified_gmt":"2025-02-19T10:45:01","slug":"guide-encocheur-reference-slotter-2","status":"publish","type":"product","link":"https:\/\/www.sams-industrie.fr\/en\/product\/guide-encocheur-reference-slotter-2\/","title":{"rendered":"Notching guide<br> Reference BBA-0307-007"},"content":{"rendered":"","protected":false},"excerpt":{"rendered":"<p>RAPIDEX RAPIDLINE 22<br \/> R\u00e9f\u00e9rence constructeur : BBA-0307-007<br \/> R\u00e9f\u00e9rences \u00e9quivalentes : BBA0307007 \/ MBBA0307007 \/ RAPBBA0307007<\/p>","protected":false},"featured_media":0,"comment_status":"open","ping_status":"closed","template":"","meta":[],"_links":{"self":[{"href":"https:\/\/www.sams-industrie.fr\/en\/wp-json\/wp\/v2\/product\/9427"}],"collection":[{"href":"https:\/\/www.sams-industrie.fr\/en\/wp-json\/wp\/v2\/product"}],"about":[{"href":"https:\/\/www.sams-industrie.fr\/en\/wp-json\/wp\/v2\/types\/product"}],"replies":[{"embeddable":true,"href":"https:\/\/www.sams-industrie.fr\/en\/wp-json\/wp\/v2\/comments?post=9427"}],"wp:attachment":[{"href":"https:\/\/www.sams-industrie.fr\/en\/wp-json\/wp\/v2\/media?parent=9427"}],"curies":[{"name":"wp","href":"https:\/\/api.w.org\/{rel}","templated":true}]}}