{"id":9425,"date":"2025-02-05T09:43:14","date_gmt":"2025-02-05T08:43:14","guid":{"rendered":"https:\/\/www.sams-industrie.fr\/product\/guide-refouleur-reference-slotter-2\/"},"modified":"2025-02-19T11:44:59","modified_gmt":"2025-02-19T10:44:59","slug":"guide-refouleur-reference-slotter-2","status":"publish","type":"product","link":"https:\/\/www.sams-industrie.fr\/en\/product\/guide-refouleur-reference-slotter-2\/","title":{"rendered":"Refouler guide<br> Reference 800-307-006"},"content":{"rendered":"","protected":false},"excerpt":{"rendered":"<p>RAPIDEX RAPIDLINE 22<br \/> R\u00e9f\u00e9rence constructeur : 800-307-006<br \/> R\u00e9f\u00e9rences \u00e9quivalentes : 800307006 \/ M800307006 \/ RAP800307006<\/p>","protected":false},"featured_media":0,"comment_status":"open","ping_status":"closed","template":"","meta":[],"_links":{"self":[{"href":"https:\/\/www.sams-industrie.fr\/en\/wp-json\/wp\/v2\/product\/9425"}],"collection":[{"href":"https:\/\/www.sams-industrie.fr\/en\/wp-json\/wp\/v2\/product"}],"about":[{"href":"https:\/\/www.sams-industrie.fr\/en\/wp-json\/wp\/v2\/types\/product"}],"replies":[{"embeddable":true,"href":"https:\/\/www.sams-industrie.fr\/en\/wp-json\/wp\/v2\/comments?post=9425"}],"wp:attachment":[{"href":"https:\/\/www.sams-industrie.fr\/en\/wp-json\/wp\/v2\/media?parent=9425"}],"curies":[{"name":"wp","href":"https:\/\/api.w.org\/{rel}","templated":true}]}}