{"id":9421,"date":"2025-02-05T09:43:12","date_gmt":"2025-02-05T08:43:12","guid":{"rendered":"https:\/\/www.sams-industrie.fr\/product\/cale-de-lame-reference-slotter\/"},"modified":"2025-02-19T11:44:56","modified_gmt":"2025-02-19T10:44:56","slug":"cale-de-lame-reference-slotter","status":"publish","type":"product","link":"https:\/\/www.sams-industrie.fr\/en\/product\/cale-de-lame-reference-slotter\/","title":{"rendered":"Blade wedge<br> Reference BBA-0305-116"},"content":{"rendered":"","protected":false},"excerpt":{"rendered":"<p>RAPIDEX RAPIDLINE 22<br \/> R\u00e9f\u00e9rence constructeur : BBA-0305-116<br \/> R\u00e9f\u00e9rences \u00e9quivalentes : BBA0305116 \/ MBBA0305116 \/ RAPBBA0305116<\/p>","protected":false},"featured_media":0,"comment_status":"open","ping_status":"closed","template":"","meta":[],"_links":{"self":[{"href":"https:\/\/www.sams-industrie.fr\/en\/wp-json\/wp\/v2\/product\/9421"}],"collection":[{"href":"https:\/\/www.sams-industrie.fr\/en\/wp-json\/wp\/v2\/product"}],"about":[{"href":"https:\/\/www.sams-industrie.fr\/en\/wp-json\/wp\/v2\/types\/product"}],"replies":[{"embeddable":true,"href":"https:\/\/www.sams-industrie.fr\/en\/wp-json\/wp\/v2\/comments?post=9421"}],"wp:attachment":[{"href":"https:\/\/www.sams-industrie.fr\/en\/wp-json\/wp\/v2\/media?parent=9421"}],"curies":[{"name":"wp","href":"https:\/\/api.w.org\/{rel}","templated":true}]}}