{"id":9419,"date":"2025-02-05T09:43:10","date_gmt":"2025-02-05T08:43:10","guid":{"rendered":"https:\/\/www.sams-industrie.fr\/product\/axe-de-levier-reference-slotter-4\/"},"modified":"2025-02-19T11:44:55","modified_gmt":"2025-02-19T10:44:55","slug":"axe-de-levier-reference-slotter-4","status":"publish","type":"product","link":"https:\/\/www.sams-industrie.fr\/en\/product\/axe-de-levier-reference-slotter-4\/","title":{"rendered":"Lever axis<br> Reference 800-305-036"},"content":{"rendered":"","protected":false},"excerpt":{"rendered":"<p>RAPIDEX RAPIDLINE 22<br \/> R\u00e9f\u00e9rence constructeur : 800-305-036<br \/> R\u00e9f\u00e9rences \u00e9quivalentes : 800305036 \/ M800305036 \/ RAP800305036<\/p>","protected":false},"featured_media":0,"comment_status":"open","ping_status":"closed","template":"","meta":[],"_links":{"self":[{"href":"https:\/\/www.sams-industrie.fr\/en\/wp-json\/wp\/v2\/product\/9419"}],"collection":[{"href":"https:\/\/www.sams-industrie.fr\/en\/wp-json\/wp\/v2\/product"}],"about":[{"href":"https:\/\/www.sams-industrie.fr\/en\/wp-json\/wp\/v2\/types\/product"}],"replies":[{"embeddable":true,"href":"https:\/\/www.sams-industrie.fr\/en\/wp-json\/wp\/v2\/comments?post=9419"}],"wp:attachment":[{"href":"https:\/\/www.sams-industrie.fr\/en\/wp-json\/wp\/v2\/media?parent=9419"}],"curies":[{"name":"wp","href":"https:\/\/api.w.org\/{rel}","templated":true}]}}