{"id":9412,"date":"2025-02-05T09:43:06","date_gmt":"2025-02-05T08:43:06","guid":{"rendered":"https:\/\/www.sams-industrie.fr\/product\/lame-reference-slotter\/"},"modified":"2025-10-14T14:08:05","modified_gmt":"2025-10-14T12:08:05","slug":"lame-reference-slotter","status":"publish","type":"product","link":"https:\/\/www.sams-industrie.fr\/en\/product\/lame-reference-slotter\/","title":{"rendered":"Blade<br> Reference 800-305-106"},"content":{"rendered":"","protected":false},"excerpt":{"rendered":"<p>RAPIDEX RAPIDLINE 22<br \/>\nR\u00e9f\u00e9rence constructeur : 800-305-106<br \/>\nR\u00e9f\u00e9rences \u00e9quivalentes : 800305106 \/ M800305106 \/ RAP800305106<\/p>","protected":false},"featured_media":11564,"comment_status":"open","ping_status":"closed","template":"","meta":[],"_links":{"self":[{"href":"https:\/\/www.sams-industrie.fr\/en\/wp-json\/wp\/v2\/product\/9412"}],"collection":[{"href":"https:\/\/www.sams-industrie.fr\/en\/wp-json\/wp\/v2\/product"}],"about":[{"href":"https:\/\/www.sams-industrie.fr\/en\/wp-json\/wp\/v2\/types\/product"}],"replies":[{"embeddable":true,"href":"https:\/\/www.sams-industrie.fr\/en\/wp-json\/wp\/v2\/comments?post=9412"}],"wp:featuredmedia":[{"embeddable":true,"href":"https:\/\/www.sams-industrie.fr\/en\/wp-json\/wp\/v2\/media\/11564"}],"wp:attachment":[{"href":"https:\/\/www.sams-industrie.fr\/en\/wp-json\/wp\/v2\/media?parent=9412"}],"curies":[{"name":"wp","href":"https:\/\/api.w.org\/{rel}","templated":true}]}}