{"id":9411,"date":"2025-02-05T09:43:06","date_gmt":"2025-02-05T08:43:06","guid":{"rendered":"https:\/\/www.sams-industrie.fr\/product\/serre-lame-reference-slotter-14\/"},"modified":"2025-04-17T16:32:02","modified_gmt":"2025-04-17T14:32:02","slug":"serre-lame-reference-slotter-14","status":"publish","type":"product","link":"https:\/\/www.sams-industrie.fr\/en\/product\/serre-lame-reference-slotter-14\/","title":{"rendered":"Blade clamp<br> Reference 800-305-105 G"},"content":{"rendered":"","protected":false},"excerpt":{"rendered":"<p>RAPIDEX RAPIDLINE 22<br \/>\nR\u00e9f\u00e9rence constructeur : 800-305-105 G<br \/>\nR\u00e9f\u00e9rences \u00e9quivalentes : 800305105G \/ M800305105G \/ RAP800305105G<\/p>","protected":false},"featured_media":11351,"comment_status":"open","ping_status":"closed","template":"","meta":[],"_links":{"self":[{"href":"https:\/\/www.sams-industrie.fr\/en\/wp-json\/wp\/v2\/product\/9411"}],"collection":[{"href":"https:\/\/www.sams-industrie.fr\/en\/wp-json\/wp\/v2\/product"}],"about":[{"href":"https:\/\/www.sams-industrie.fr\/en\/wp-json\/wp\/v2\/types\/product"}],"replies":[{"embeddable":true,"href":"https:\/\/www.sams-industrie.fr\/en\/wp-json\/wp\/v2\/comments?post=9411"}],"wp:featuredmedia":[{"embeddable":true,"href":"https:\/\/www.sams-industrie.fr\/en\/wp-json\/wp\/v2\/media\/11351"}],"wp:attachment":[{"href":"https:\/\/www.sams-industrie.fr\/en\/wp-json\/wp\/v2\/media?parent=9411"}],"curies":[{"name":"wp","href":"https:\/\/api.w.org\/{rel}","templated":true}]}}