{"id":9407,"date":"2025-02-05T09:43:03","date_gmt":"2025-02-05T08:43:03","guid":{"rendered":"https:\/\/www.sams-industrie.fr\/product\/axe-de-levier-reference-slotter-3\/"},"modified":"2025-02-19T11:44:46","modified_gmt":"2025-02-19T10:44:46","slug":"axe-de-levier-reference-slotter-3","status":"publish","type":"product","link":"https:\/\/www.sams-industrie.fr\/en\/product\/axe-de-levier-reference-slotter-3\/","title":{"rendered":"Lever axis<br> Reference BBA-0305-104"},"content":{"rendered":"","protected":false},"excerpt":{"rendered":"<p>RAPIDEX RAPIDLINE 22<br \/> R\u00e9f\u00e9rence constructeur : BBA-0305-104<br \/> R\u00e9f\u00e9rences \u00e9quivalentes : BBA0305104 \/ MBBA0305104 \/ RAPBBA0305104<\/p>","protected":false},"featured_media":0,"comment_status":"open","ping_status":"closed","template":"","meta":[],"_links":{"self":[{"href":"https:\/\/www.sams-industrie.fr\/en\/wp-json\/wp\/v2\/product\/9407"}],"collection":[{"href":"https:\/\/www.sams-industrie.fr\/en\/wp-json\/wp\/v2\/product"}],"about":[{"href":"https:\/\/www.sams-industrie.fr\/en\/wp-json\/wp\/v2\/types\/product"}],"replies":[{"embeddable":true,"href":"https:\/\/www.sams-industrie.fr\/en\/wp-json\/wp\/v2\/comments?post=9407"}],"wp:attachment":[{"href":"https:\/\/www.sams-industrie.fr\/en\/wp-json\/wp\/v2\/media?parent=9407"}],"curies":[{"name":"wp","href":"https:\/\/api.w.org\/{rel}","templated":true}]}}