{"id":9404,"date":"2025-02-05T09:43:01","date_gmt":"2025-02-05T08:43:01","guid":{"rendered":"https:\/\/www.sams-industrie.fr\/product\/levier-fixe-reference-slotter\/"},"modified":"2025-07-03T15:07:57","modified_gmt":"2025-07-03T13:07:57","slug":"levier-fixe-reference-slotter","status":"publish","type":"product","link":"https:\/\/www.sams-industrie.fr\/en\/product\/levier-fixe-reference-slotter\/","title":{"rendered":"Fixed lever<br> Reference 800-305-103"},"content":{"rendered":"","protected":false},"excerpt":{"rendered":"<p>RAPIDEX RAPIDLINE 22<br \/>\nR\u00e9f\u00e9rence constructeur : 800-305-103<br \/>\nR\u00e9f\u00e9rences \u00e9quivalentes : 800305103 \/ M800305103 \/ RAP800305103<\/p>","protected":false},"featured_media":11395,"comment_status":"open","ping_status":"closed","template":"","meta":[],"_links":{"self":[{"href":"https:\/\/www.sams-industrie.fr\/en\/wp-json\/wp\/v2\/product\/9404"}],"collection":[{"href":"https:\/\/www.sams-industrie.fr\/en\/wp-json\/wp\/v2\/product"}],"about":[{"href":"https:\/\/www.sams-industrie.fr\/en\/wp-json\/wp\/v2\/types\/product"}],"replies":[{"embeddable":true,"href":"https:\/\/www.sams-industrie.fr\/en\/wp-json\/wp\/v2\/comments?post=9404"}],"wp:featuredmedia":[{"embeddable":true,"href":"https:\/\/www.sams-industrie.fr\/en\/wp-json\/wp\/v2\/media\/11395"}],"wp:attachment":[{"href":"https:\/\/www.sams-industrie.fr\/en\/wp-json\/wp\/v2\/media?parent=9404"}],"curies":[{"name":"wp","href":"https:\/\/api.w.org\/{rel}","templated":true}]}}