{"id":9402,"date":"2025-02-05T09:43:00","date_gmt":"2025-02-05T08:43:00","guid":{"rendered":"https:\/\/www.sams-industrie.fr\/product\/secteur-fixe-reference-slotter\/"},"modified":"2025-04-17T16:25:26","modified_gmt":"2025-04-17T14:25:26","slug":"secteur-fixe-reference-slotter","status":"publish","type":"product","link":"https:\/\/www.sams-industrie.fr\/en\/product\/secteur-fixe-reference-slotter\/","title":{"rendered":"Fixed sector<br> Reference 800-305-101"},"content":{"rendered":"","protected":false},"excerpt":{"rendered":"<p>RAPIDEX RAPIDLINE 22<br \/>\nR\u00e9f\u00e9rence constructeur : 800-305-101<br \/>\nR\u00e9f\u00e9rences \u00e9quivalentes : 800305101 \/ M800305101 \/ RAP800305101<\/p>","protected":false},"featured_media":11348,"comment_status":"open","ping_status":"closed","template":"","meta":[],"_links":{"self":[{"href":"https:\/\/www.sams-industrie.fr\/en\/wp-json\/wp\/v2\/product\/9402"}],"collection":[{"href":"https:\/\/www.sams-industrie.fr\/en\/wp-json\/wp\/v2\/product"}],"about":[{"href":"https:\/\/www.sams-industrie.fr\/en\/wp-json\/wp\/v2\/types\/product"}],"replies":[{"embeddable":true,"href":"https:\/\/www.sams-industrie.fr\/en\/wp-json\/wp\/v2\/comments?post=9402"}],"wp:featuredmedia":[{"embeddable":true,"href":"https:\/\/www.sams-industrie.fr\/en\/wp-json\/wp\/v2\/media\/11348"}],"wp:attachment":[{"href":"https:\/\/www.sams-industrie.fr\/en\/wp-json\/wp\/v2\/media?parent=9402"}],"curies":[{"name":"wp","href":"https:\/\/api.w.org\/{rel}","templated":true}]}}