{"id":9400,"date":"2025-02-05T09:42:57","date_gmt":"2025-02-05T08:42:57","guid":{"rendered":"https:\/\/www.sams-industrie.fr\/product\/contrepartie-coupe-patte-reference-slotter\/"},"modified":"2025-10-14T14:10:23","modified_gmt":"2025-10-14T12:10:23","slug":"contrepartie-coupe-patte-reference-slotter","status":"publish","type":"product","link":"https:\/\/www.sams-industrie.fr\/en\/product\/contrepartie-coupe-patte-reference-slotter\/","title":{"rendered":"Leg-cutter counterpart<br> Reference 800-306-006"},"content":{"rendered":"","protected":false},"excerpt":{"rendered":"<p>RAPIDEX RAPIDLINE 22<br \/>\nR\u00e9f\u00e9rence constructeur : 800-306-006<br \/>\nR\u00e9f\u00e9rences \u00e9quivalentes : 800306006 \/ M800306006 \/ RAP800306006<\/p>","protected":false},"featured_media":11565,"comment_status":"open","ping_status":"closed","template":"","meta":[],"_links":{"self":[{"href":"https:\/\/www.sams-industrie.fr\/en\/wp-json\/wp\/v2\/product\/9400"}],"collection":[{"href":"https:\/\/www.sams-industrie.fr\/en\/wp-json\/wp\/v2\/product"}],"about":[{"href":"https:\/\/www.sams-industrie.fr\/en\/wp-json\/wp\/v2\/types\/product"}],"replies":[{"embeddable":true,"href":"https:\/\/www.sams-industrie.fr\/en\/wp-json\/wp\/v2\/comments?post=9400"}],"wp:featuredmedia":[{"embeddable":true,"href":"https:\/\/www.sams-industrie.fr\/en\/wp-json\/wp\/v2\/media\/11565"}],"wp:attachment":[{"href":"https:\/\/www.sams-industrie.fr\/en\/wp-json\/wp\/v2\/media?parent=9400"}],"curies":[{"name":"wp","href":"https:\/\/api.w.org\/{rel}","templated":true}]}}