{"id":9397,"date":"2025-02-05T09:42:55","date_gmt":"2025-02-05T08:42:55","guid":{"rendered":"https:\/\/www.sams-industrie.fr\/product\/couteau-coupe-rogne-reference-slotter\/"},"modified":"2025-02-19T11:44:37","modified_gmt":"2025-02-19T10:44:37","slug":"couteau-coupe-rogne-reference-slotter","status":"publish","type":"product","link":"https:\/\/www.sams-industrie.fr\/en\/product\/couteau-coupe-rogne-reference-slotter\/","title":{"rendered":"Trimming knife<br> Reference 800-318-013"},"content":{"rendered":"","protected":false},"excerpt":{"rendered":"<p>RAPIDEX RAPIDLINE 22<br \/> R\u00e9f\u00e9rence constructeur : 800-318-013<br \/> R\u00e9f\u00e9rences \u00e9quivalentes : 800318013 \/ M800318013 \/ RAP800318013<\/p>","protected":false},"featured_media":0,"comment_status":"open","ping_status":"closed","template":"","meta":[],"_links":{"self":[{"href":"https:\/\/www.sams-industrie.fr\/en\/wp-json\/wp\/v2\/product\/9397"}],"collection":[{"href":"https:\/\/www.sams-industrie.fr\/en\/wp-json\/wp\/v2\/product"}],"about":[{"href":"https:\/\/www.sams-industrie.fr\/en\/wp-json\/wp\/v2\/types\/product"}],"replies":[{"embeddable":true,"href":"https:\/\/www.sams-industrie.fr\/en\/wp-json\/wp\/v2\/comments?post=9397"}],"wp:attachment":[{"href":"https:\/\/www.sams-industrie.fr\/en\/wp-json\/wp\/v2\/media?parent=9397"}],"curies":[{"name":"wp","href":"https:\/\/api.w.org\/{rel}","templated":true}]}}