{"id":9395,"date":"2025-02-05T09:42:54","date_gmt":"2025-02-05T08:42:54","guid":{"rendered":"https:\/\/www.sams-industrie.fr\/product\/manchon-reference-slotter\/"},"modified":"2025-02-19T11:44:36","modified_gmt":"2025-02-19T10:44:36","slug":"manchon-reference-slotter","status":"publish","type":"product","link":"https:\/\/www.sams-industrie.fr\/en\/product\/manchon-reference-slotter\/","title":{"rendered":"Sleeve<br> Reference 800-305-006"},"content":{"rendered":"","protected":false},"excerpt":{"rendered":"<p>RAPIDEX RAPIDLINE 22<br \/> R\u00e9f\u00e9rence constructeur : 800-305-006<br \/> R\u00e9f\u00e9rences \u00e9quivalentes : 800305006 \/ M800305006 \/ RAP800305006<\/p>","protected":false},"featured_media":0,"comment_status":"open","ping_status":"closed","template":"","meta":[],"_links":{"self":[{"href":"https:\/\/www.sams-industrie.fr\/en\/wp-json\/wp\/v2\/product\/9395"}],"collection":[{"href":"https:\/\/www.sams-industrie.fr\/en\/wp-json\/wp\/v2\/product"}],"about":[{"href":"https:\/\/www.sams-industrie.fr\/en\/wp-json\/wp\/v2\/types\/product"}],"replies":[{"embeddable":true,"href":"https:\/\/www.sams-industrie.fr\/en\/wp-json\/wp\/v2\/comments?post=9395"}],"wp:attachment":[{"href":"https:\/\/www.sams-industrie.fr\/en\/wp-json\/wp\/v2\/media?parent=9395"}],"curies":[{"name":"wp","href":"https:\/\/api.w.org\/{rel}","templated":true}]}}