{"id":9391,"date":"2025-02-05T09:42:52","date_gmt":"2025-02-05T08:42:52","guid":{"rendered":"https:\/\/www.sams-industrie.fr\/product\/contrepartie-refoulage-reference-slotter\/"},"modified":"2025-04-17T16:23:51","modified_gmt":"2025-04-17T14:23:51","slug":"contrepartie-refoulage-reference-slotter","status":"publish","type":"product","link":"https:\/\/www.sams-industrie.fr\/en\/product\/contrepartie-refoulage-reference-slotter\/","title":{"rendered":"Counterpart refoulement<br> Reference 800-304-005"},"content":{"rendered":"","protected":false},"excerpt":{"rendered":"<p>RAPIDEX RAPIDLINE 22<br \/>\nR\u00e9f\u00e9rence constructeur : 800-304-005<br \/>\nR\u00e9f\u00e9rences \u00e9quivalentes : 800304005 \/ M800304005 \/ RAP800304005<\/p>","protected":false},"featured_media":11346,"comment_status":"open","ping_status":"closed","template":"","meta":[],"_links":{"self":[{"href":"https:\/\/www.sams-industrie.fr\/en\/wp-json\/wp\/v2\/product\/9391"}],"collection":[{"href":"https:\/\/www.sams-industrie.fr\/en\/wp-json\/wp\/v2\/product"}],"about":[{"href":"https:\/\/www.sams-industrie.fr\/en\/wp-json\/wp\/v2\/types\/product"}],"replies":[{"embeddable":true,"href":"https:\/\/www.sams-industrie.fr\/en\/wp-json\/wp\/v2\/comments?post=9391"}],"wp:featuredmedia":[{"embeddable":true,"href":"https:\/\/www.sams-industrie.fr\/en\/wp-json\/wp\/v2\/media\/11346"}],"wp:attachment":[{"href":"https:\/\/www.sams-industrie.fr\/en\/wp-json\/wp\/v2\/media?parent=9391"}],"curies":[{"name":"wp","href":"https:\/\/api.w.org\/{rel}","templated":true}]}}