{"id":9390,"date":"2025-02-05T09:42:51","date_gmt":"2025-02-05T08:42:51","guid":{"rendered":"https:\/\/www.sams-industrie.fr\/product\/manchon-refouleur-reference-slotter-5\/"},"modified":"2025-02-19T11:44:32","modified_gmt":"2025-02-19T10:44:32","slug":"manchon-refouleur-reference-slotter-5","status":"publish","type":"product","link":"https:\/\/www.sams-industrie.fr\/en\/product\/manchon-refouleur-reference-slotter-5\/","title":{"rendered":"Discharge sleeve<br> Reference 800-303-002"},"content":{"rendered":"","protected":false},"excerpt":{"rendered":"<p>RAPIDEX RAPIDLINE 22<br \/> R\u00e9f\u00e9rence constructeur : 800-303-002<br \/> R\u00e9f\u00e9rences \u00e9quivalentes : 800303002 \/ M800303002 \/ RAP800303002<\/p>","protected":false},"featured_media":0,"comment_status":"open","ping_status":"closed","template":"","meta":[],"_links":{"self":[{"href":"https:\/\/www.sams-industrie.fr\/en\/wp-json\/wp\/v2\/product\/9390"}],"collection":[{"href":"https:\/\/www.sams-industrie.fr\/en\/wp-json\/wp\/v2\/product"}],"about":[{"href":"https:\/\/www.sams-industrie.fr\/en\/wp-json\/wp\/v2\/types\/product"}],"replies":[{"embeddable":true,"href":"https:\/\/www.sams-industrie.fr\/en\/wp-json\/wp\/v2\/comments?post=9390"}],"wp:attachment":[{"href":"https:\/\/www.sams-industrie.fr\/en\/wp-json\/wp\/v2\/media?parent=9390"}],"curies":[{"name":"wp","href":"https:\/\/api.w.org\/{rel}","templated":true}]}}