{"id":9387,"date":"2025-02-05T09:42:49","date_gmt":"2025-02-05T08:42:49","guid":{"rendered":"https:\/\/www.sams-industrie.fr\/product\/manchon-refouleur-reference-slotter-4\/"},"modified":"2025-02-19T11:44:30","modified_gmt":"2025-02-19T10:44:30","slug":"manchon-refouleur-reference-slotter-4","status":"publish","type":"product","link":"https:\/\/www.sams-industrie.fr\/en\/product\/manchon-refouleur-reference-slotter-4\/","title":{"rendered":"Discharge sleeve<br> Reference 800-303-005"},"content":{"rendered":"","protected":false},"excerpt":{"rendered":"<p>RAPIDEX RAPIDLINE 22<br \/> R\u00e9f\u00e9rence constructeur : 800-303-005<br \/> R\u00e9f\u00e9rences \u00e9quivalentes : 800303005 \/ M800303005 \/ RAP800303005<\/p>","protected":false},"featured_media":0,"comment_status":"open","ping_status":"closed","template":"","meta":[],"_links":{"self":[{"href":"https:\/\/www.sams-industrie.fr\/en\/wp-json\/wp\/v2\/product\/9387"}],"collection":[{"href":"https:\/\/www.sams-industrie.fr\/en\/wp-json\/wp\/v2\/product"}],"about":[{"href":"https:\/\/www.sams-industrie.fr\/en\/wp-json\/wp\/v2\/types\/product"}],"replies":[{"embeddable":true,"href":"https:\/\/www.sams-industrie.fr\/en\/wp-json\/wp\/v2\/comments?post=9387"}],"wp:attachment":[{"href":"https:\/\/www.sams-industrie.fr\/en\/wp-json\/wp\/v2\/media?parent=9387"}],"curies":[{"name":"wp","href":"https:\/\/api.w.org\/{rel}","templated":true}]}}