{"id":9383,"date":"2025-02-05T09:42:47","date_gmt":"2025-02-05T08:42:47","guid":{"rendered":"https:\/\/www.sams-industrie.fr\/product\/refouleur-reference-slotter-4\/"},"modified":"2025-02-19T11:44:27","modified_gmt":"2025-02-19T10:44:27","slug":"refouleur-reference-slotter-4","status":"publish","type":"product","link":"https:\/\/www.sams-industrie.fr\/en\/product\/refouleur-reference-slotter-4\/","title":{"rendered":"Repressor<br> Reference 800-303-026"},"content":{"rendered":"","protected":false},"excerpt":{"rendered":"<p>RAPIDEX RAPIDLINE 22<br \/> R\u00e9f\u00e9rence constructeur : 800-303-026<br \/> R\u00e9f\u00e9rences \u00e9quivalentes : 800303026 \/ M800303026 \/ RAP800303026<\/p>","protected":false},"featured_media":0,"comment_status":"open","ping_status":"closed","template":"","meta":[],"_links":{"self":[{"href":"https:\/\/www.sams-industrie.fr\/en\/wp-json\/wp\/v2\/product\/9383"}],"collection":[{"href":"https:\/\/www.sams-industrie.fr\/en\/wp-json\/wp\/v2\/product"}],"about":[{"href":"https:\/\/www.sams-industrie.fr\/en\/wp-json\/wp\/v2\/types\/product"}],"replies":[{"embeddable":true,"href":"https:\/\/www.sams-industrie.fr\/en\/wp-json\/wp\/v2\/comments?post=9383"}],"wp:attachment":[{"href":"https:\/\/www.sams-industrie.fr\/en\/wp-json\/wp\/v2\/media?parent=9383"}],"curies":[{"name":"wp","href":"https:\/\/api.w.org\/{rel}","templated":true}]}}