{"id":9380,"date":"2025-02-05T09:42:45","date_gmt":"2025-02-05T08:42:45","guid":{"rendered":"https:\/\/www.sams-industrie.fr\/product\/rondelle-porte-ecrou-reference-slotter\/"},"modified":"2025-02-19T11:44:24","modified_gmt":"2025-02-19T10:44:24","slug":"rondelle-porte-ecrou-reference-slotter","status":"publish","type":"product","link":"https:\/\/www.sams-industrie.fr\/en\/product\/rondelle-porte-ecrou-reference-slotter\/","title":{"rendered":"Nut holder washer<br> Reference 800-307-008"},"content":{"rendered":"","protected":false},"excerpt":{"rendered":"<p>RAPIDEX RAPIDLINE 22<br \/> R\u00e9f\u00e9rence constructeur : 800-307-008<br \/> R\u00e9f\u00e9rences \u00e9quivalentes : 800307008 \/ M800307008 \/ RAP800307008<\/p>","protected":false},"featured_media":0,"comment_status":"open","ping_status":"closed","template":"","meta":[],"_links":{"self":[{"href":"https:\/\/www.sams-industrie.fr\/en\/wp-json\/wp\/v2\/product\/9380"}],"collection":[{"href":"https:\/\/www.sams-industrie.fr\/en\/wp-json\/wp\/v2\/product"}],"about":[{"href":"https:\/\/www.sams-industrie.fr\/en\/wp-json\/wp\/v2\/types\/product"}],"replies":[{"embeddable":true,"href":"https:\/\/www.sams-industrie.fr\/en\/wp-json\/wp\/v2\/comments?post=9380"}],"wp:attachment":[{"href":"https:\/\/www.sams-industrie.fr\/en\/wp-json\/wp\/v2\/media?parent=9380"}],"curies":[{"name":"wp","href":"https:\/\/api.w.org\/{rel}","templated":true}]}}