{"id":9377,"date":"2025-02-05T09:42:44","date_gmt":"2025-02-05T08:42:44","guid":{"rendered":"https:\/\/www.sams-industrie.fr\/product\/rondelle-guide-reference-slotter-4\/"},"modified":"2025-04-17T16:22:27","modified_gmt":"2025-04-17T14:22:27","slug":"rondelle-guide-reference-slotter-4","status":"publish","type":"product","link":"https:\/\/www.sams-industrie.fr\/en\/product\/rondelle-guide-reference-slotter-4\/","title":{"rendered":"Guide washer<br> Reference 800-304-007"},"content":{"rendered":"","protected":false},"excerpt":{"rendered":"<p>RAPIDEX RAPIDLINE 22<br \/>\nR\u00e9f\u00e9rence constructeur : 800-304-007<br \/>\nR\u00e9f\u00e9rences \u00e9quivalentes : 800304007 \/ M800304007 \/ RAP800304007<\/p>","protected":false},"featured_media":11345,"comment_status":"open","ping_status":"closed","template":"","meta":[],"_links":{"self":[{"href":"https:\/\/www.sams-industrie.fr\/en\/wp-json\/wp\/v2\/product\/9377"}],"collection":[{"href":"https:\/\/www.sams-industrie.fr\/en\/wp-json\/wp\/v2\/product"}],"about":[{"href":"https:\/\/www.sams-industrie.fr\/en\/wp-json\/wp\/v2\/types\/product"}],"replies":[{"embeddable":true,"href":"https:\/\/www.sams-industrie.fr\/en\/wp-json\/wp\/v2\/comments?post=9377"}],"wp:featuredmedia":[{"embeddable":true,"href":"https:\/\/www.sams-industrie.fr\/en\/wp-json\/wp\/v2\/media\/11345"}],"wp:attachment":[{"href":"https:\/\/www.sams-industrie.fr\/en\/wp-json\/wp\/v2\/media?parent=9377"}],"curies":[{"name":"wp","href":"https:\/\/api.w.org\/{rel}","templated":true}]}}