{"id":9376,"date":"2025-02-05T09:42:43","date_gmt":"2025-02-05T08:42:43","guid":{"rendered":"https:\/\/www.sams-industrie.fr\/product\/rondelle-guide-reference-slotter-3\/"},"modified":"2025-02-19T11:44:21","modified_gmt":"2025-02-19T10:44:21","slug":"rondelle-guide-reference-slotter-3","status":"publish","type":"product","link":"https:\/\/www.sams-industrie.fr\/en\/product\/rondelle-guide-reference-slotter-3\/","title":{"rendered":"Guide washer<br> Reference 800-303-008"},"content":{"rendered":"","protected":false},"excerpt":{"rendered":"<p>RAPIDEX RAPIDLINE 22<br \/> R\u00e9f\u00e9rence constructeur : 800-303-008<br \/> R\u00e9f\u00e9rences \u00e9quivalentes : 800303008 \/ M800303008 \/ RAP800303008<\/p>","protected":false},"featured_media":0,"comment_status":"open","ping_status":"closed","template":"","meta":[],"_links":{"self":[{"href":"https:\/\/www.sams-industrie.fr\/en\/wp-json\/wp\/v2\/product\/9376"}],"collection":[{"href":"https:\/\/www.sams-industrie.fr\/en\/wp-json\/wp\/v2\/product"}],"about":[{"href":"https:\/\/www.sams-industrie.fr\/en\/wp-json\/wp\/v2\/types\/product"}],"replies":[{"embeddable":true,"href":"https:\/\/www.sams-industrie.fr\/en\/wp-json\/wp\/v2\/comments?post=9376"}],"wp:attachment":[{"href":"https:\/\/www.sams-industrie.fr\/en\/wp-json\/wp\/v2\/media?parent=9376"}],"curies":[{"name":"wp","href":"https:\/\/api.w.org\/{rel}","templated":true}]}}