{"id":9374,"date":"2025-02-05T09:42:42","date_gmt":"2025-02-05T08:42:42","guid":{"rendered":"https:\/\/www.sams-industrie.fr\/product\/guide-carton-reference-slotter\/"},"modified":"2025-02-19T11:44:20","modified_gmt":"2025-02-19T10:44:20","slug":"guide-carton-reference-slotter","status":"publish","type":"product","link":"https:\/\/www.sams-industrie.fr\/en\/product\/guide-carton-reference-slotter\/","title":{"rendered":"Cardboard guide<br> Reference 800-308-031"},"content":{"rendered":"","protected":false},"excerpt":{"rendered":"<p>RAPIDEX RAPIDLINE 22<br \/> R\u00e9f\u00e9rence constructeur : 800-308-031<br \/> R\u00e9f\u00e9rences \u00e9quivalentes : 800308031 \/ M800308031 \/ RAP800308031<\/p>","protected":false},"featured_media":0,"comment_status":"open","ping_status":"closed","template":"","meta":[],"_links":{"self":[{"href":"https:\/\/www.sams-industrie.fr\/en\/wp-json\/wp\/v2\/product\/9374"}],"collection":[{"href":"https:\/\/www.sams-industrie.fr\/en\/wp-json\/wp\/v2\/product"}],"about":[{"href":"https:\/\/www.sams-industrie.fr\/en\/wp-json\/wp\/v2\/types\/product"}],"replies":[{"embeddable":true,"href":"https:\/\/www.sams-industrie.fr\/en\/wp-json\/wp\/v2\/comments?post=9374"}],"wp:attachment":[{"href":"https:\/\/www.sams-industrie.fr\/en\/wp-json\/wp\/v2\/media?parent=9374"}],"curies":[{"name":"wp","href":"https:\/\/api.w.org\/{rel}","templated":true}]}}