{"id":9371,"date":"2025-02-05T09:42:40","date_gmt":"2025-02-05T08:42:40","guid":{"rendered":"https:\/\/www.sams-industrie.fr\/product\/rondelle-de-tendeur-reference-slotter-4\/"},"modified":"2025-02-19T11:44:16","modified_gmt":"2025-02-19T10:44:16","slug":"rondelle-de-tendeur-reference-slotter-4","status":"publish","type":"product","link":"https:\/\/www.sams-industrie.fr\/en\/product\/rondelle-de-tendeur-reference-slotter-4\/","title":{"rendered":"Tensioner washer<br> Reference R-20-32-22T"},"content":{"rendered":"","protected":false},"excerpt":{"rendered":"<p>RAPIDEX RAPIDLINE 22<br \/> R\u00e9f\u00e9rence constructeur : R-20-32-22T<br \/> R\u00e9f\u00e9rences \u00e9quivalentes : R20322T \/ MR20322T \/ RAPR20322T<\/p>","protected":false},"featured_media":0,"comment_status":"open","ping_status":"closed","template":"","meta":[],"_links":{"self":[{"href":"https:\/\/www.sams-industrie.fr\/en\/wp-json\/wp\/v2\/product\/9371"}],"collection":[{"href":"https:\/\/www.sams-industrie.fr\/en\/wp-json\/wp\/v2\/product"}],"about":[{"href":"https:\/\/www.sams-industrie.fr\/en\/wp-json\/wp\/v2\/types\/product"}],"replies":[{"embeddable":true,"href":"https:\/\/www.sams-industrie.fr\/en\/wp-json\/wp\/v2\/comments?post=9371"}],"wp:attachment":[{"href":"https:\/\/www.sams-industrie.fr\/en\/wp-json\/wp\/v2\/media?parent=9371"}],"curies":[{"name":"wp","href":"https:\/\/api.w.org\/{rel}","templated":true}]}}