{"id":9368,"date":"2025-02-05T09:42:37","date_gmt":"2025-02-05T08:42:37","guid":{"rendered":"https:\/\/www.sams-industrie.fr\/product\/entretoise-de-tendeur-reference-slotter\/"},"modified":"2025-02-19T11:44:14","modified_gmt":"2025-02-19T10:44:14","slug":"entretoise-de-tendeur-reference-slotter","status":"publish","type":"product","link":"https:\/\/www.sams-industrie.fr\/en\/product\/entretoise-de-tendeur-reference-slotter\/","title":{"rendered":"Tensioner spacer<br> Reference 800-314-005"},"content":{"rendered":"","protected":false},"excerpt":{"rendered":"<p>RAPIDEX RAPIDLINE 22<br \/> R\u00e9f\u00e9rence constructeur : 800-314-005<br \/> R\u00e9f\u00e9rences \u00e9quivalentes : 800314005 \/ M800314005 \/ RAP800314005<\/p>","protected":false},"featured_media":0,"comment_status":"open","ping_status":"closed","template":"","meta":[],"_links":{"self":[{"href":"https:\/\/www.sams-industrie.fr\/en\/wp-json\/wp\/v2\/product\/9368"}],"collection":[{"href":"https:\/\/www.sams-industrie.fr\/en\/wp-json\/wp\/v2\/product"}],"about":[{"href":"https:\/\/www.sams-industrie.fr\/en\/wp-json\/wp\/v2\/types\/product"}],"replies":[{"embeddable":true,"href":"https:\/\/www.sams-industrie.fr\/en\/wp-json\/wp\/v2\/comments?post=9368"}],"wp:attachment":[{"href":"https:\/\/www.sams-industrie.fr\/en\/wp-json\/wp\/v2\/media?parent=9368"}],"curies":[{"name":"wp","href":"https:\/\/api.w.org\/{rel}","templated":true}]}}