{"id":9365,"date":"2025-02-05T09:42:36","date_gmt":"2025-02-05T08:42:36","guid":{"rendered":"https:\/\/www.sams-industrie.fr\/product\/guide-reference-slotter-2\/"},"modified":"2025-02-19T11:44:12","modified_gmt":"2025-02-19T10:44:12","slug":"guide-reference-slotter-2","status":"publish","type":"product","link":"https:\/\/www.sams-industrie.fr\/en\/product\/guide-reference-slotter-2\/","title":{"rendered":"Guide<br> Reference JR-006-1452"},"content":{"rendered":"","protected":false},"excerpt":{"rendered":"<p>RAPIDEX RAPIDLINE 22<br \/> R\u00e9f\u00e9rence constructeur : JR-006-1452<br \/> R\u00e9f\u00e9rences \u00e9quivalentes : JR0061452 \/ MJR0061452 \/ RAPJR0061452<\/p>","protected":false},"featured_media":0,"comment_status":"open","ping_status":"closed","template":"","meta":[],"_links":{"self":[{"href":"https:\/\/www.sams-industrie.fr\/en\/wp-json\/wp\/v2\/product\/9365"}],"collection":[{"href":"https:\/\/www.sams-industrie.fr\/en\/wp-json\/wp\/v2\/product"}],"about":[{"href":"https:\/\/www.sams-industrie.fr\/en\/wp-json\/wp\/v2\/types\/product"}],"replies":[{"embeddable":true,"href":"https:\/\/www.sams-industrie.fr\/en\/wp-json\/wp\/v2\/comments?post=9365"}],"wp:attachment":[{"href":"https:\/\/www.sams-industrie.fr\/en\/wp-json\/wp\/v2\/media?parent=9365"}],"curies":[{"name":"wp","href":"https:\/\/api.w.org\/{rel}","templated":true}]}}