{"id":9363,"date":"2025-02-05T09:42:34","date_gmt":"2025-02-05T08:42:34","guid":{"rendered":"https:\/\/www.sams-industrie.fr\/product\/listel-reference-slotter\/"},"modified":"2025-02-19T11:44:10","modified_gmt":"2025-02-19T10:44:10","slug":"listel-reference-slotter","status":"publish","type":"product","link":"https:\/\/www.sams-industrie.fr\/en\/product\/listel-reference-slotter\/","title":{"rendered":"Listel<br> Reference BAA-0303-003"},"content":{"rendered":"","protected":false},"excerpt":{"rendered":"<p>RAPIDEX RAPIDLINE 22<br \/> R\u00e9f\u00e9rence constructeur : BAA-0303-003<br \/> R\u00e9f\u00e9rences \u00e9quivalentes : BAA0303003 \/ MBAA0303003 \/ RAPBAA0303003<\/p>","protected":false},"featured_media":0,"comment_status":"open","ping_status":"closed","template":"","meta":[],"_links":{"self":[{"href":"https:\/\/www.sams-industrie.fr\/en\/wp-json\/wp\/v2\/product\/9363"}],"collection":[{"href":"https:\/\/www.sams-industrie.fr\/en\/wp-json\/wp\/v2\/product"}],"about":[{"href":"https:\/\/www.sams-industrie.fr\/en\/wp-json\/wp\/v2\/types\/product"}],"replies":[{"embeddable":true,"href":"https:\/\/www.sams-industrie.fr\/en\/wp-json\/wp\/v2\/comments?post=9363"}],"wp:attachment":[{"href":"https:\/\/www.sams-industrie.fr\/en\/wp-json\/wp\/v2\/media?parent=9363"}],"curies":[{"name":"wp","href":"https:\/\/api.w.org\/{rel}","templated":true}]}}