{"id":9361,"date":"2025-02-05T09:42:33","date_gmt":"2025-02-05T08:42:33","guid":{"rendered":"https:\/\/www.sams-industrie.fr\/product\/entretoise-guide-reference-slotter-3\/"},"modified":"2025-02-19T11:44:09","modified_gmt":"2025-02-19T10:44:09","slug":"entretoise-guide-reference-slotter-3","status":"publish","type":"product","link":"https:\/\/www.sams-industrie.fr\/en\/product\/entretoise-guide-reference-slotter-3\/","title":{"rendered":"Guide spacer<br> Reference 800-305-011"},"content":{"rendered":"","protected":false},"excerpt":{"rendered":"<p>RAPIDEX RAPIDLINE 22<br \/> R\u00e9f\u00e9rence constructeur : 800-305-011<br \/> R\u00e9f\u00e9rences \u00e9quivalentes : 800305011 \/ M800305011 \/ RAP800305011<\/p>","protected":false},"featured_media":0,"comment_status":"open","ping_status":"closed","template":"","meta":[],"_links":{"self":[{"href":"https:\/\/www.sams-industrie.fr\/en\/wp-json\/wp\/v2\/product\/9361"}],"collection":[{"href":"https:\/\/www.sams-industrie.fr\/en\/wp-json\/wp\/v2\/product"}],"about":[{"href":"https:\/\/www.sams-industrie.fr\/en\/wp-json\/wp\/v2\/types\/product"}],"replies":[{"embeddable":true,"href":"https:\/\/www.sams-industrie.fr\/en\/wp-json\/wp\/v2\/comments?post=9361"}],"wp:attachment":[{"href":"https:\/\/www.sams-industrie.fr\/en\/wp-json\/wp\/v2\/media?parent=9361"}],"curies":[{"name":"wp","href":"https:\/\/api.w.org\/{rel}","templated":true}]}}