{"id":9360,"date":"2025-02-05T09:42:33","date_gmt":"2025-02-05T08:42:33","guid":{"rendered":"https:\/\/www.sams-industrie.fr\/product\/entretoise-guide-reference-slotter-2\/"},"modified":"2025-02-19T11:44:08","modified_gmt":"2025-02-19T10:44:08","slug":"entretoise-guide-reference-slotter-2","status":"publish","type":"product","link":"https:\/\/www.sams-industrie.fr\/en\/product\/entretoise-guide-reference-slotter-2\/","title":{"rendered":"Guide spacer<br> Reference 800-306-009"},"content":{"rendered":"","protected":false},"excerpt":{"rendered":"<p>RAPIDEX RAPIDLINE 22<br \/> R\u00e9f\u00e9rence constructeur : 800-306-009<br \/> R\u00e9f\u00e9rences \u00e9quivalentes : 800306009 \/ M800306009 \/ RAP800306009<\/p>","protected":false},"featured_media":0,"comment_status":"open","ping_status":"closed","template":"","meta":[],"_links":{"self":[{"href":"https:\/\/www.sams-industrie.fr\/en\/wp-json\/wp\/v2\/product\/9360"}],"collection":[{"href":"https:\/\/www.sams-industrie.fr\/en\/wp-json\/wp\/v2\/product"}],"about":[{"href":"https:\/\/www.sams-industrie.fr\/en\/wp-json\/wp\/v2\/types\/product"}],"replies":[{"embeddable":true,"href":"https:\/\/www.sams-industrie.fr\/en\/wp-json\/wp\/v2\/comments?post=9360"}],"wp:attachment":[{"href":"https:\/\/www.sams-industrie.fr\/en\/wp-json\/wp\/v2\/media?parent=9360"}],"curies":[{"name":"wp","href":"https:\/\/api.w.org\/{rel}","templated":true}]}}