{"id":9353,"date":"2025-02-05T09:42:28","date_gmt":"2025-02-05T08:42:28","guid":{"rendered":"https:\/\/www.sams-industrie.fr\/product\/entretoise-de-galet-reference-slotter\/"},"modified":"2025-02-19T11:44:03","modified_gmt":"2025-02-19T10:44:03","slug":"entretoise-de-galet-reference-slotter","status":"publish","type":"product","link":"https:\/\/www.sams-industrie.fr\/en\/product\/entretoise-de-galet-reference-slotter\/","title":{"rendered":"Roller spacer<br> Reference 800-323-030"},"content":{"rendered":"","protected":false},"excerpt":{"rendered":"<p>RAPIDEX RAPIDLINE 22<br \/> R\u00e9f\u00e9rence constructeur : 800-323-030<br \/> R\u00e9f\u00e9rences \u00e9quivalentes : 800323030 \/ M800323030 \/ RAP800323030<\/p>","protected":false},"featured_media":0,"comment_status":"open","ping_status":"closed","template":"","meta":[],"_links":{"self":[{"href":"https:\/\/www.sams-industrie.fr\/en\/wp-json\/wp\/v2\/product\/9353"}],"collection":[{"href":"https:\/\/www.sams-industrie.fr\/en\/wp-json\/wp\/v2\/product"}],"about":[{"href":"https:\/\/www.sams-industrie.fr\/en\/wp-json\/wp\/v2\/types\/product"}],"replies":[{"embeddable":true,"href":"https:\/\/www.sams-industrie.fr\/en\/wp-json\/wp\/v2\/comments?post=9353"}],"wp:attachment":[{"href":"https:\/\/www.sams-industrie.fr\/en\/wp-json\/wp\/v2\/media?parent=9353"}],"curies":[{"name":"wp","href":"https:\/\/api.w.org\/{rel}","templated":true}]}}