{"id":9347,"date":"2025-02-05T09:42:25","date_gmt":"2025-02-05T08:42:25","guid":{"rendered":"https:\/\/www.sams-industrie.fr\/product\/arbre-de-tendeur-reference-slotter\/"},"modified":"2025-02-19T11:43:59","modified_gmt":"2025-02-19T10:43:59","slug":"arbre-de-tendeur-reference-slotter","status":"publish","type":"product","link":"https:\/\/www.sams-industrie.fr\/en\/product\/arbre-de-tendeur-reference-slotter\/","title":{"rendered":"Tensioner shaft<br> Reference 800-314-009"},"content":{"rendered":"","protected":false},"excerpt":{"rendered":"<p>RAPIDEX RAPIDLINE 22<br \/> R\u00e9f\u00e9rence constructeur : 800-314-009<br \/> R\u00e9f\u00e9rences \u00e9quivalentes : 800314009 \/ M800314009 \/ RAP800314009<\/p>","protected":false},"featured_media":0,"comment_status":"open","ping_status":"closed","template":"","meta":[],"_links":{"self":[{"href":"https:\/\/www.sams-industrie.fr\/en\/wp-json\/wp\/v2\/product\/9347"}],"collection":[{"href":"https:\/\/www.sams-industrie.fr\/en\/wp-json\/wp\/v2\/product"}],"about":[{"href":"https:\/\/www.sams-industrie.fr\/en\/wp-json\/wp\/v2\/types\/product"}],"replies":[{"embeddable":true,"href":"https:\/\/www.sams-industrie.fr\/en\/wp-json\/wp\/v2\/comments?post=9347"}],"wp:attachment":[{"href":"https:\/\/www.sams-industrie.fr\/en\/wp-json\/wp\/v2\/media?parent=9347"}],"curies":[{"name":"wp","href":"https:\/\/api.w.org\/{rel}","templated":true}]}}