{"id":9345,"date":"2025-02-05T09:42:24","date_gmt":"2025-02-05T08:42:24","guid":{"rendered":"https:\/\/www.sams-industrie.fr\/product\/ecrou-palier-de-commande-reference-slotter\/"},"modified":"2025-02-19T11:43:56","modified_gmt":"2025-02-19T10:43:56","slug":"ecrou-palier-de-commande-reference-slotter","status":"publish","type":"product","link":"https:\/\/www.sams-industrie.fr\/en\/product\/ecrou-palier-de-commande-reference-slotter\/","title":{"rendered":"Control bearing nut<br> Reference 800-313-006"},"content":{"rendered":"","protected":false},"excerpt":{"rendered":"<p>RAPIDEX RAPIDLINE 22<br \/> R\u00e9f\u00e9rence constructeur : 800-313-006<br \/> R\u00e9f\u00e9rences \u00e9quivalentes : 800313006 \/ M800313006 \/ RAP800313006<\/p>","protected":false},"featured_media":0,"comment_status":"open","ping_status":"closed","template":"","meta":[],"_links":{"self":[{"href":"https:\/\/www.sams-industrie.fr\/en\/wp-json\/wp\/v2\/product\/9345"}],"collection":[{"href":"https:\/\/www.sams-industrie.fr\/en\/wp-json\/wp\/v2\/product"}],"about":[{"href":"https:\/\/www.sams-industrie.fr\/en\/wp-json\/wp\/v2\/types\/product"}],"replies":[{"embeddable":true,"href":"https:\/\/www.sams-industrie.fr\/en\/wp-json\/wp\/v2\/comments?post=9345"}],"wp:attachment":[{"href":"https:\/\/www.sams-industrie.fr\/en\/wp-json\/wp\/v2\/media?parent=9345"}],"curies":[{"name":"wp","href":"https:\/\/api.w.org\/{rel}","templated":true}]}}