{"id":9342,"date":"2025-02-05T09:42:22","date_gmt":"2025-02-05T08:42:22","guid":{"rendered":"https:\/\/www.sams-industrie.fr\/product\/support-arbre-de-commande-reference-slotter-2\/"},"modified":"2025-02-19T11:43:54","modified_gmt":"2025-02-19T10:43:54","slug":"support-arbre-de-commande-reference-slotter-2","status":"publish","type":"product","link":"https:\/\/www.sams-industrie.fr\/en\/product\/support-arbre-de-commande-reference-slotter-2\/","title":{"rendered":"Drive shaft support<br> Reference 800-313-017"},"content":{"rendered":"","protected":false},"excerpt":{"rendered":"<p>RAPIDEX RAPIDLINE 22<br \/> R\u00e9f\u00e9rence constructeur : 800-313-017<br \/> R\u00e9f\u00e9rences \u00e9quivalentes : 800313017 \/ M800313017 \/ RAP800313017<\/p>","protected":false},"featured_media":0,"comment_status":"open","ping_status":"closed","template":"","meta":[],"_links":{"self":[{"href":"https:\/\/www.sams-industrie.fr\/en\/wp-json\/wp\/v2\/product\/9342"}],"collection":[{"href":"https:\/\/www.sams-industrie.fr\/en\/wp-json\/wp\/v2\/product"}],"about":[{"href":"https:\/\/www.sams-industrie.fr\/en\/wp-json\/wp\/v2\/types\/product"}],"replies":[{"embeddable":true,"href":"https:\/\/www.sams-industrie.fr\/en\/wp-json\/wp\/v2\/comments?post=9342"}],"wp:attachment":[{"href":"https:\/\/www.sams-industrie.fr\/en\/wp-json\/wp\/v2\/media?parent=9342"}],"curies":[{"name":"wp","href":"https:\/\/api.w.org\/{rel}","templated":true}]}}