{"id":9334,"date":"2025-02-05T09:42:16","date_gmt":"2025-02-05T08:42:16","guid":{"rendered":"https:\/\/www.sams-industrie.fr\/product\/arbre-cannele-commande-lame-mobile-reference-slotter\/"},"modified":"2025-02-19T11:43:49","modified_gmt":"2025-02-19T10:43:49","slug":"arbre-cannele-commande-lame-mobile-reference-slotter","status":"publish","type":"product","link":"https:\/\/www.sams-industrie.fr\/en\/product\/arbre-cannele-commande-lame-mobile-reference-slotter\/","title":{"rendered":"Splined shaft for moving blade control<br> Reference 800-305-002 LJ"},"content":{"rendered":"","protected":false},"excerpt":{"rendered":"<p>RAPIDEX RAPIDLINE 22<br \/> R\u00e9f\u00e9rence constructeur : 800-305-002 LJ<br \/> R\u00e9f\u00e9rences \u00e9quivalentes : 800305002LJ \/ M800305002LJ \/ RAP800305002LJ<\/p>","protected":false},"featured_media":0,"comment_status":"open","ping_status":"closed","template":"","meta":[],"_links":{"self":[{"href":"https:\/\/www.sams-industrie.fr\/en\/wp-json\/wp\/v2\/product\/9334"}],"collection":[{"href":"https:\/\/www.sams-industrie.fr\/en\/wp-json\/wp\/v2\/product"}],"about":[{"href":"https:\/\/www.sams-industrie.fr\/en\/wp-json\/wp\/v2\/types\/product"}],"replies":[{"embeddable":true,"href":"https:\/\/www.sams-industrie.fr\/en\/wp-json\/wp\/v2\/comments?post=9334"}],"wp:attachment":[{"href":"https:\/\/www.sams-industrie.fr\/en\/wp-json\/wp\/v2\/media?parent=9334"}],"curies":[{"name":"wp","href":"https:\/\/api.w.org\/{rel}","templated":true}]}}