{"id":9332,"date":"2025-02-05T09:42:15","date_gmt":"2025-02-05T08:42:15","guid":{"rendered":"https:\/\/www.sams-industrie.fr\/product\/manchon-fonte-molete-reference-tous\/"},"modified":"2025-02-19T11:43:47","modified_gmt":"2025-02-19T10:43:47","slug":"manchon-fonte-molete-reference-tous","status":"publish","type":"product","link":"https:\/\/www.sams-industrie.fr\/en\/product\/manchon-fonte-molete-reference-tous\/","title":{"rendered":"Knurled cast iron sleeve<br> Reference 800-103-114"},"content":{"rendered":"","protected":false},"excerpt":{"rendered":"<p>RAPIDEX RAPIDLINE 22<br \/> R\u00e9f\u00e9rence constructeur : 800-103-114<br \/> R\u00e9f\u00e9rences \u00e9quivalentes : 800103114 \/ M800103114 \/ RAP800103114<\/p>","protected":false},"featured_media":0,"comment_status":"open","ping_status":"closed","template":"","meta":[],"_links":{"self":[{"href":"https:\/\/www.sams-industrie.fr\/en\/wp-json\/wp\/v2\/product\/9332"}],"collection":[{"href":"https:\/\/www.sams-industrie.fr\/en\/wp-json\/wp\/v2\/product"}],"about":[{"href":"https:\/\/www.sams-industrie.fr\/en\/wp-json\/wp\/v2\/types\/product"}],"replies":[{"embeddable":true,"href":"https:\/\/www.sams-industrie.fr\/en\/wp-json\/wp\/v2\/comments?post=9332"}],"wp:attachment":[{"href":"https:\/\/www.sams-industrie.fr\/en\/wp-json\/wp\/v2\/media?parent=9332"}],"curies":[{"name":"wp","href":"https:\/\/api.w.org\/{rel}","templated":true}]}}