{"id":9329,"date":"2025-02-05T09:42:13","date_gmt":"2025-02-05T08:42:13","guid":{"rendered":"https:\/\/www.sams-industrie.fr\/product\/refouleur-reference-imprimeuse-2\/"},"modified":"2025-02-19T11:43:45","modified_gmt":"2025-02-19T10:43:45","slug":"refouleur-reference-imprimeuse-2","status":"publish","type":"product","link":"https:\/\/www.sams-industrie.fr\/en\/product\/refouleur-reference-imprimeuse-2\/","title":{"rendered":"Repressor<br> Reference BBA-0104-113"},"content":{"rendered":"","protected":false},"excerpt":{"rendered":"<p>RAPIDEX RAPIDLINE 22<br \/> R\u00e9f\u00e9rence constructeur : BBA-0104-113<br \/> R\u00e9f\u00e9rences \u00e9quivalentes : BBA0104113 \/ MBBA0104113 \/ RAPBBA0104113<\/p>","protected":false},"featured_media":0,"comment_status":"open","ping_status":"closed","template":"","meta":[],"_links":{"self":[{"href":"https:\/\/www.sams-industrie.fr\/en\/wp-json\/wp\/v2\/product\/9329"}],"collection":[{"href":"https:\/\/www.sams-industrie.fr\/en\/wp-json\/wp\/v2\/product"}],"about":[{"href":"https:\/\/www.sams-industrie.fr\/en\/wp-json\/wp\/v2\/types\/product"}],"replies":[{"embeddable":true,"href":"https:\/\/www.sams-industrie.fr\/en\/wp-json\/wp\/v2\/comments?post=9329"}],"wp:attachment":[{"href":"https:\/\/www.sams-industrie.fr\/en\/wp-json\/wp\/v2\/media?parent=9329"}],"curies":[{"name":"wp","href":"https:\/\/api.w.org\/{rel}","templated":true}]}}