{"id":9326,"date":"2025-02-05T09:42:12","date_gmt":"2025-02-05T08:42:12","guid":{"rendered":"https:\/\/www.sams-industrie.fr\/product\/support-canne-dencrage-reference-imprimeuse\/"},"modified":"2025-02-19T11:43:43","modified_gmt":"2025-02-19T10:43:43","slug":"support-canne-dencrage-reference-imprimeuse","status":"publish","type":"product","link":"https:\/\/www.sams-industrie.fr\/en\/product\/support-canne-dencrage-reference-imprimeuse\/","title":{"rendered":"Anchor rod holder<br> Reference 800-109-112"},"content":{"rendered":"","protected":false},"excerpt":{"rendered":"<p>RAPIDEX RAPIDLINE 22<br \/> R\u00e9f\u00e9rence constructeur : 800-109-112<br \/> R\u00e9f\u00e9rences \u00e9quivalentes : 800109112 \/ M800109112 \/ RAP800109112<\/p>","protected":false},"featured_media":0,"comment_status":"open","ping_status":"closed","template":"","meta":[],"_links":{"self":[{"href":"https:\/\/www.sams-industrie.fr\/en\/wp-json\/wp\/v2\/product\/9326"}],"collection":[{"href":"https:\/\/www.sams-industrie.fr\/en\/wp-json\/wp\/v2\/product"}],"about":[{"href":"https:\/\/www.sams-industrie.fr\/en\/wp-json\/wp\/v2\/types\/product"}],"replies":[{"embeddable":true,"href":"https:\/\/www.sams-industrie.fr\/en\/wp-json\/wp\/v2\/comments?post=9326"}],"wp:attachment":[{"href":"https:\/\/www.sams-industrie.fr\/en\/wp-json\/wp\/v2\/media?parent=9326"}],"curies":[{"name":"wp","href":"https:\/\/api.w.org\/{rel}","templated":true}]}}