{"id":9324,"date":"2025-02-05T09:42:11","date_gmt":"2025-02-05T08:42:11","guid":{"rendered":"https:\/\/www.sams-industrie.fr\/product\/clavette-dexcentriques-acier-reference-imprimeuse\/"},"modified":"2025-02-19T11:43:41","modified_gmt":"2025-02-19T10:43:41","slug":"clavette-dexcentriques-acier-reference-imprimeuse","status":"publish","type":"product","link":"https:\/\/www.sams-industrie.fr\/en\/product\/clavette-dexcentriques-acier-reference-imprimeuse\/","title":{"rendered":"Steel eccentric key<br> Reference 800-109-039"},"content":{"rendered":"","protected":false},"excerpt":{"rendered":"<p>RAPIDEX RAPIDLINE 22<br \/> R\u00e9f\u00e9rence constructeur : 800-109-039<br \/> R\u00e9f\u00e9rences \u00e9quivalentes : 800109039 \/ M800109039 \/ RAP800109039<\/p>","protected":false},"featured_media":0,"comment_status":"open","ping_status":"closed","template":"","meta":[],"_links":{"self":[{"href":"https:\/\/www.sams-industrie.fr\/en\/wp-json\/wp\/v2\/product\/9324"}],"collection":[{"href":"https:\/\/www.sams-industrie.fr\/en\/wp-json\/wp\/v2\/product"}],"about":[{"href":"https:\/\/www.sams-industrie.fr\/en\/wp-json\/wp\/v2\/types\/product"}],"replies":[{"embeddable":true,"href":"https:\/\/www.sams-industrie.fr\/en\/wp-json\/wp\/v2\/comments?post=9324"}],"wp:attachment":[{"href":"https:\/\/www.sams-industrie.fr\/en\/wp-json\/wp\/v2\/media?parent=9324"}],"curies":[{"name":"wp","href":"https:\/\/api.w.org\/{rel}","templated":true}]}}