{"id":9321,"date":"2025-02-05T09:42:09","date_gmt":"2025-02-05T08:42:09","guid":{"rendered":"https:\/\/www.sams-industrie.fr\/product\/pipe-de-recuperation-dencre-reference-imprimeuse\/"},"modified":"2025-04-17T16:20:04","modified_gmt":"2025-04-17T14:20:04","slug":"pipe-de-recuperation-dencre-reference-imprimeuse","status":"publish","type":"product","link":"https:\/\/www.sams-industrie.fr\/en\/product\/pipe-de-recuperation-dencre-reference-imprimeuse\/","title":{"rendered":"Ink recovery pipe<br> Reference 800-109-138"},"content":{"rendered":"","protected":false},"excerpt":{"rendered":"<p>RAPIDEX RAPIDLINE 22<br \/>\nR\u00e9f\u00e9rence constructeur : 800-109-138<br \/>\nR\u00e9f\u00e9rences \u00e9quivalentes : 800109138 \/ M800109138 \/ RAP800109138<\/p>","protected":false},"featured_media":11343,"comment_status":"open","ping_status":"closed","template":"","meta":[],"_links":{"self":[{"href":"https:\/\/www.sams-industrie.fr\/en\/wp-json\/wp\/v2\/product\/9321"}],"collection":[{"href":"https:\/\/www.sams-industrie.fr\/en\/wp-json\/wp\/v2\/product"}],"about":[{"href":"https:\/\/www.sams-industrie.fr\/en\/wp-json\/wp\/v2\/types\/product"}],"replies":[{"embeddable":true,"href":"https:\/\/www.sams-industrie.fr\/en\/wp-json\/wp\/v2\/comments?post=9321"}],"wp:featuredmedia":[{"embeddable":true,"href":"https:\/\/www.sams-industrie.fr\/en\/wp-json\/wp\/v2\/media\/11343"}],"wp:attachment":[{"href":"https:\/\/www.sams-industrie.fr\/en\/wp-json\/wp\/v2\/media?parent=9321"}],"curies":[{"name":"wp","href":"https:\/\/api.w.org\/{rel}","templated":true}]}}