{"id":9320,"date":"2025-02-05T09:42:08","date_gmt":"2025-02-05T08:42:08","guid":{"rendered":"https:\/\/www.sams-industrie.fr\/product\/plaque-protection-recuperateur-gauche-reference-imprimeuse\/"},"modified":"2025-09-11T14:27:23","modified_gmt":"2025-09-11T12:27:23","slug":"plaque-protection-recuperateur-gauche-reference-imprimeuse","status":"publish","type":"product","link":"https:\/\/www.sams-industrie.fr\/en\/product\/plaque-protection-recuperateur-gauche-reference-imprimeuse\/","title":{"rendered":"Left recuperator protection plate<br> Reference 800-109-147"},"content":{"rendered":"","protected":false},"excerpt":{"rendered":"<p>RAPIDEX RAPIDLINE 22<br \/>\nR\u00e9f\u00e9rence constructeur : 800-109-147<br \/>\nR\u00e9f\u00e9rences \u00e9quivalentes : 800109147 \/ M800109147 \/ RAP800109147<\/p>","protected":false},"featured_media":11477,"comment_status":"open","ping_status":"closed","template":"","meta":[],"_links":{"self":[{"href":"https:\/\/www.sams-industrie.fr\/en\/wp-json\/wp\/v2\/product\/9320"}],"collection":[{"href":"https:\/\/www.sams-industrie.fr\/en\/wp-json\/wp\/v2\/product"}],"about":[{"href":"https:\/\/www.sams-industrie.fr\/en\/wp-json\/wp\/v2\/types\/product"}],"replies":[{"embeddable":true,"href":"https:\/\/www.sams-industrie.fr\/en\/wp-json\/wp\/v2\/comments?post=9320"}],"wp:featuredmedia":[{"embeddable":true,"href":"https:\/\/www.sams-industrie.fr\/en\/wp-json\/wp\/v2\/media\/11477"}],"wp:attachment":[{"href":"https:\/\/www.sams-industrie.fr\/en\/wp-json\/wp\/v2\/media?parent=9320"}],"curies":[{"name":"wp","href":"https:\/\/api.w.org\/{rel}","templated":true}]}}