{"id":9317,"date":"2025-02-05T09:42:07","date_gmt":"2025-02-05T08:42:07","guid":{"rendered":"https:\/\/www.sams-industrie.fr\/product\/cylindre-trame-anilox-reference-imprimeuse-2\/"},"modified":"2025-02-19T11:43:35","modified_gmt":"2025-02-19T10:43:35","slug":"cylindre-trame-anilox-reference-imprimeuse-2","status":"publish","type":"product","link":"https:\/\/www.sams-industrie.fr\/en\/product\/cylindre-trame-anilox-reference-imprimeuse-2\/","title":{"rendered":"Anilox screen cylinder<br> Reference 800-109-001 LJ"},"content":{"rendered":"","protected":false},"excerpt":{"rendered":"<p>RAPIDEX RAPIDLINE 22<br \/> R\u00e9f\u00e9rence constructeur : 800-109-001 LJ<br \/> R\u00e9f\u00e9rences \u00e9quivalentes : 800109001LJ \/ M800109001LJ \/ RAP800109001LJ<\/p>","protected":false},"featured_media":0,"comment_status":"open","ping_status":"closed","template":"","meta":[],"_links":{"self":[{"href":"https:\/\/www.sams-industrie.fr\/en\/wp-json\/wp\/v2\/product\/9317"}],"collection":[{"href":"https:\/\/www.sams-industrie.fr\/en\/wp-json\/wp\/v2\/product"}],"about":[{"href":"https:\/\/www.sams-industrie.fr\/en\/wp-json\/wp\/v2\/types\/product"}],"replies":[{"embeddable":true,"href":"https:\/\/www.sams-industrie.fr\/en\/wp-json\/wp\/v2\/comments?post=9317"}],"wp:attachment":[{"href":"https:\/\/www.sams-industrie.fr\/en\/wp-json\/wp\/v2\/media?parent=9317"}],"curies":[{"name":"wp","href":"https:\/\/api.w.org\/{rel}","templated":true}]}}