{"id":9313,"date":"2025-02-05T09:42:04","date_gmt":"2025-02-05T08:42:04","guid":{"rendered":"https:\/\/www.sams-industrie.fr\/product\/recuperateur-gauche-reference-imprimeuse\/"},"modified":"2025-04-17T16:17:21","modified_gmt":"2025-04-17T14:17:21","slug":"recuperateur-gauche-reference-imprimeuse","status":"publish","type":"product","link":"https:\/\/www.sams-industrie.fr\/en\/product\/recuperateur-gauche-reference-imprimeuse\/","title":{"rendered":"Left recuperator<br> Reference 800-109-421"},"content":{"rendered":"","protected":false},"excerpt":{"rendered":"<p>RAPIDEX RAPIDLINE 22<br \/>\nR\u00e9f\u00e9rence constructeur : 800-109-421<br \/>\nR\u00e9f\u00e9rences \u00e9quivalentes : 800109421 \/ M800109421 \/ RAP800109421<\/p>","protected":false},"featured_media":11341,"comment_status":"open","ping_status":"closed","template":"","meta":[],"_links":{"self":[{"href":"https:\/\/www.sams-industrie.fr\/en\/wp-json\/wp\/v2\/product\/9313"}],"collection":[{"href":"https:\/\/www.sams-industrie.fr\/en\/wp-json\/wp\/v2\/product"}],"about":[{"href":"https:\/\/www.sams-industrie.fr\/en\/wp-json\/wp\/v2\/types\/product"}],"replies":[{"embeddable":true,"href":"https:\/\/www.sams-industrie.fr\/en\/wp-json\/wp\/v2\/comments?post=9313"}],"wp:featuredmedia":[{"embeddable":true,"href":"https:\/\/www.sams-industrie.fr\/en\/wp-json\/wp\/v2\/media\/11341"}],"wp:attachment":[{"href":"https:\/\/www.sams-industrie.fr\/en\/wp-json\/wp\/v2\/media?parent=9313"}],"curies":[{"name":"wp","href":"https:\/\/api.w.org\/{rel}","templated":true}]}}