{"id":9312,"date":"2025-02-05T09:42:04","date_gmt":"2025-02-05T08:42:04","guid":{"rendered":"https:\/\/www.sams-industrie.fr\/product\/flasque-de-boitier-reference-imprimeuse\/"},"modified":"2025-02-19T11:43:32","modified_gmt":"2025-02-19T10:43:32","slug":"flasque-de-boitier-reference-imprimeuse","status":"publish","type":"product","link":"https:\/\/www.sams-industrie.fr\/en\/product\/flasque-de-boitier-reference-imprimeuse\/","title":{"rendered":"Housing flange<br> Reference 800-109-009"},"content":{"rendered":"","protected":false},"excerpt":{"rendered":"<p>RAPIDEX RAPIDLINE 22<br \/> R\u00e9f\u00e9rence constructeur : 800-109-009<br \/> R\u00e9f\u00e9rences \u00e9quivalentes : 800109009 \/ M800109009 \/ RAP800109009<\/p>","protected":false},"featured_media":0,"comment_status":"open","ping_status":"closed","template":"","meta":[],"_links":{"self":[{"href":"https:\/\/www.sams-industrie.fr\/en\/wp-json\/wp\/v2\/product\/9312"}],"collection":[{"href":"https:\/\/www.sams-industrie.fr\/en\/wp-json\/wp\/v2\/product"}],"about":[{"href":"https:\/\/www.sams-industrie.fr\/en\/wp-json\/wp\/v2\/types\/product"}],"replies":[{"embeddable":true,"href":"https:\/\/www.sams-industrie.fr\/en\/wp-json\/wp\/v2\/comments?post=9312"}],"wp:attachment":[{"href":"https:\/\/www.sams-industrie.fr\/en\/wp-json\/wp\/v2\/media?parent=9312"}],"curies":[{"name":"wp","href":"https:\/\/api.w.org\/{rel}","templated":true}]}}